{"id":348,"date":"2025-08-14T13:16:52","date_gmt":"2025-08-14T12:16:52","guid":{"rendered":"https:\/\/www.steklarstvo-alstek.com\/?page_id=348"},"modified":"2025-08-19T10:47:15","modified_gmt":"2025-08-19T09:47:15","slug":"steklarsvo-alstek","status":"publish","type":"page","link":"https:\/\/www.steklarstvo-alstek.com\/","title":{"rendered":"Steklarsvo Alstek"},"content":{"rendered":"\t\t<div data-elementor-type=\"wp-page\" data-elementor-id=\"348\" class=\"elementor elementor-348\">\n\t\t\t\t<div class=\"elementor-element elementor-element-60963fa e-flex e-con-boxed e-con e-parent\" data-id=\"60963fa\" data-element_type=\"container\" data-e-type=\"container\">\n\t\t\t\t\t<div class=\"e-con-inner\">\n\t\t\t\t<div class=\"elementor-element elementor-element-a8bdc04 elementor-widget elementor-widget-text-editor\" data-id=\"a8bdc04\" data-element_type=\"widget\" data-e-type=\"widget\" data-widget_type=\"text-editor.default\">\n\t\t\t\t<div class=\"elementor-widget-container\">\n\t\t\t\t\t\t\t\t\t<h3>S pomo\u010djo dolgoletnih izku\u0161enj vam lahko ponudimo \u0161iroko paleto izdelkov in uslug na podro\u010dju steklarstva.<\/h3><p data-start=\"55\" data-end=\"120\"><strong data-start=\"55\" data-end=\"120\">Nudimo vam kvalitetne steklarske izdelke in storitve, kot so:<\/strong><\/p><ul data-start=\"122\" data-end=\"489\"><li data-start=\"122\" data-end=\"164\"><p data-start=\"124\" data-end=\"164\">izdelava in monta\u017ea tu\u0161 kabin po meri,<\/p><\/li><li data-start=\"165\" data-end=\"216\"><p data-start=\"167\" data-end=\"216\">steklene ograje za notranjo in zunanjo uporabo,<\/p><\/li><li data-start=\"217\" data-end=\"256\"><p data-start=\"219\" data-end=\"256\">kuhinjska stekla in stenske obloge,<\/p><\/li><li data-start=\"257\" data-end=\"294\"><p data-start=\"259\" data-end=\"294\">zastekljevanje balkonov in teras,<\/p><\/li><li data-start=\"295\" data-end=\"332\"><p data-start=\"297\" data-end=\"332\">steklene stene in predelne stene,<\/p><\/li><li data-start=\"333\" data-end=\"354\"><p data-start=\"335\" data-end=\"354\">ogledala po meri,<\/p><\/li><li data-start=\"355\" data-end=\"389\"><p data-start=\"357\" data-end=\"389\">peskanje in graviranje stekla,<\/p><\/li><li data-start=\"390\" data-end=\"422\"><p data-start=\"392\" data-end=\"422\">menjava po\u0161kodovanih stekel,<\/p><\/li><li data-start=\"423\" data-end=\"489\"><p data-start=\"425\" data-end=\"489\">termoizolacijska stekla in druge vrste izolacijskih zasteklitev.<\/p><\/li><\/ul><p>Ker se zavedamo, da je stranka najpomembnej\u0161i \u010dlen pri na\u0161em delu, vam svetujemo in pomagamo do la\u017eje odlo\u010ditve. Zaradi izdelovanja po meri in \u017eeljah strank, je vsak izdelek unikat zase.<br \/>Na\u0161o ekipo sestavljajo strokovnjaki iz razli\u010dnih podro\u010dij. Opremljeni smo s sodobnimi stroji za obdelavo stekla in pripravljeni na zahtevna steklarska dela.<\/p>\t\t\t\t\t\t\t\t<\/div>\n\t\t\t\t<\/div>\n\t\t\t\t\t<\/div>\n\t\t\t\t<\/div>\n\t\t<div class=\"elementor-element elementor-element-fec06d0 e-grid e-con-boxed e-con e-parent\" data-id=\"fec06d0\" data-element_type=\"container\" data-e-type=\"container\">\n\t\t\t\t\t<div class=\"e-con-inner\">\n\t\t\t\t<div class=\"elementor-element elementor-element-86eb5b3 elementor-widget elementor-widget-image\" data-id=\"86eb5b3\" data-element_type=\"widget\" data-e-type=\"widget\" data-widget_type=\"image.default\">\n\t\t\t\t<div class=\"elementor-widget-container\">\n\t\t\t\t\t\t\t\t\t\t\t\t\t\t\t<img fetchpriority=\"high\" decoding=\"async\" width=\"1024\" height=\"768\" src=\"https:\/\/www.steklarstvo-alstek.com\/wp-content\/uploads\/2025\/08\/ograje16.jpg\" class=\"attachment-large size-large wp-image-374\" alt=\"\" srcset=\"https:\/\/www.steklarstvo-alstek.com\/wp-content\/uploads\/2025\/08\/ograje16.jpg 1024w, https:\/\/www.steklarstvo-alstek.com\/wp-content\/uploads\/2025\/08\/ograje16-300x225.jpg 300w, https:\/\/www.steklarstvo-alstek.com\/wp-content\/uploads\/2025\/08\/ograje16-768x576.jpg 768w, https:\/\/www.steklarstvo-alstek.com\/wp-content\/uploads\/2025\/08\/ograje16-830x623.jpg 830w, https:\/\/www.steklarstvo-alstek.com\/wp-content\/uploads\/2025\/08\/ograje16-230x173.jpg 230w, https:\/\/www.steklarstvo-alstek.com\/wp-content\/uploads\/2025\/08\/ograje16-350x263.jpg 350w, https:\/\/www.steklarstvo-alstek.com\/wp-content\/uploads\/2025\/08\/ograje16-480x360.jpg 480w\" sizes=\"(max-width: 1024px) 100vw, 1024px\" \/>\t\t\t\t\t\t\t\t\t\t\t\t\t\t\t<\/div>\n\t\t\t\t<\/div>\n\t\t\t\t<div class=\"elementor-element elementor-element-63481ab elementor-widget elementor-widget-image\" data-id=\"63481ab\" data-element_type=\"widget\" data-e-type=\"widget\" data-widget_type=\"image.default\">\n\t\t\t\t<div class=\"elementor-widget-container\">\n\t\t\t\t\t\t\t\t\t\t\t\t\t\t\t<img decoding=\"async\" width=\"1020\" height=\"768\" src=\"https:\/\/www.steklarstvo-alstek.com\/wp-content\/uploads\/2025\/08\/tus-kabina-2.jpg\" class=\"attachment-large size-large wp-image-378\" alt=\"\" srcset=\"https:\/\/www.steklarstvo-alstek.com\/wp-content\/uploads\/2025\/08\/tus-kabina-2.jpg 1020w, https:\/\/www.steklarstvo-alstek.com\/wp-content\/uploads\/2025\/08\/tus-kabina-2-300x226.jpg 300w, https:\/\/www.steklarstvo-alstek.com\/wp-content\/uploads\/2025\/08\/tus-kabina-2-768x578.jpg 768w, https:\/\/www.steklarstvo-alstek.com\/wp-content\/uploads\/2025\/08\/tus-kabina-2-830x625.jpg 830w, https:\/\/www.steklarstvo-alstek.com\/wp-content\/uploads\/2025\/08\/tus-kabina-2-230x173.jpg 230w, https:\/\/www.steklarstvo-alstek.com\/wp-content\/uploads\/2025\/08\/tus-kabina-2-350x264.jpg 350w, https:\/\/www.steklarstvo-alstek.com\/wp-content\/uploads\/2025\/08\/tus-kabina-2-480x361.jpg 480w\" sizes=\"(max-width: 1020px) 100vw, 1020px\" \/>\t\t\t\t\t\t\t\t\t\t\t\t\t\t\t<\/div>\n\t\t\t\t<\/div>\n\t\t\t\t<div class=\"elementor-element elementor-element-d9cafe5 elementor-widget elementor-widget-image\" data-id=\"d9cafe5\" data-element_type=\"widget\" data-e-type=\"widget\" data-widget_type=\"image.default\">\n\t\t\t\t<div class=\"elementor-widget-container\">\n\t\t\t\t\t\t\t\t\t\t\t\t\t\t\t<img decoding=\"async\" width=\"1024\" height=\"768\" src=\"https:\/\/www.steklarstvo-alstek.com\/wp-content\/uploads\/2025\/08\/vrata.jpg\" class=\"attachment-large size-large wp-image-379\" alt=\"\" srcset=\"https:\/\/www.steklarstvo-alstek.com\/wp-content\/uploads\/2025\/08\/vrata.jpg 1024w, https:\/\/www.steklarstvo-alstek.com\/wp-content\/uploads\/2025\/08\/vrata-300x225.jpg 300w, https:\/\/www.steklarstvo-alstek.com\/wp-content\/uploads\/2025\/08\/vrata-768x576.jpg 768w, https:\/\/www.steklarstvo-alstek.com\/wp-content\/uploads\/2025\/08\/vrata-830x623.jpg 830w, https:\/\/www.steklarstvo-alstek.com\/wp-content\/uploads\/2025\/08\/vrata-230x173.jpg 230w, https:\/\/www.steklarstvo-alstek.com\/wp-content\/uploads\/2025\/08\/vrata-350x263.jpg 350w, https:\/\/www.steklarstvo-alstek.com\/wp-content\/uploads\/2025\/08\/vrata-480x360.jpg 480w\" sizes=\"(max-width: 1024px) 100vw, 1024px\" \/>\t\t\t\t\t\t\t\t\t\t\t\t\t\t\t<\/div>\n\t\t\t\t<\/div>\n\t\t\t\t<div class=\"elementor-element elementor-element-c1e309b elementor-widget elementor-widget-image\" data-id=\"c1e309b\" data-element_type=\"widget\" data-e-type=\"widget\" data-widget_type=\"image.default\">\n\t\t\t\t<div class=\"elementor-widget-container\">\n\t\t\t\t\t\t\t\t\t\t\t\t\t\t\t<img loading=\"lazy\" decoding=\"async\" width=\"1024\" height=\"768\" src=\"https:\/\/www.steklarstvo-alstek.com\/wp-content\/uploads\/2025\/08\/nadstreski.jpg\" class=\"attachment-large size-large wp-image-376\" alt=\"\" srcset=\"https:\/\/www.steklarstvo-alstek.com\/wp-content\/uploads\/2025\/08\/nadstreski.jpg 1024w, https:\/\/www.steklarstvo-alstek.com\/wp-content\/uploads\/2025\/08\/nadstreski-300x225.jpg 300w, https:\/\/www.steklarstvo-alstek.com\/wp-content\/uploads\/2025\/08\/nadstreski-768x576.jpg 768w, https:\/\/www.steklarstvo-alstek.com\/wp-content\/uploads\/2025\/08\/nadstreski-830x623.jpg 830w, https:\/\/www.steklarstvo-alstek.com\/wp-content\/uploads\/2025\/08\/nadstreski-230x173.jpg 230w, https:\/\/www.steklarstvo-alstek.com\/wp-content\/uploads\/2025\/08\/nadstreski-350x263.jpg 350w, https:\/\/www.steklarstvo-alstek.com\/wp-content\/uploads\/2025\/08\/nadstreski-480x360.jpg 480w\" sizes=\"(max-width: 1024px) 100vw, 1024px\" \/>\t\t\t\t\t\t\t\t\t\t\t\t\t\t\t<\/div>\n\t\t\t\t<\/div>\n\t\t\t\t\t<\/div>\n\t\t\t\t<\/div>\n\t\t\t\t<\/div>\n\t\t","protected":false},"excerpt":{"rendered":"<p>S pomo\u010djo dolgoletnih izku\u0161enj vam lahko ponudimo \u0161iroko paleto izdelkov in uslug na podro\u010dju steklarstva. Nudimo vam kvalitetne steklarske izdelke in storitve, kot so: izdelava in monta\u017ea tu\u0161 kabin po meri, steklene ograje za notranjo in zunanjo uporabo, kuhinjska stekla in stenske obloge, zastekljevanje balkonov in teras, steklene stene in predelne stene, ogledala po meri, [&hellip;]<\/p>\n","protected":false},"author":1,"featured_media":0,"parent":0,"menu_order":0,"comment_status":"closed","ping_status":"closed","template":"","meta":{"footnotes":""},"class_list":["post-348","page","type-page","status-publish","hentry"],"_links":{"self":[{"href":"https:\/\/www.steklarstvo-alstek.com\/index.php\/wp-json\/wp\/v2\/pages\/348","targetHints":{"allow":["GET"]}}],"collection":[{"href":"https:\/\/www.steklarstvo-alstek.com\/index.php\/wp-json\/wp\/v2\/pages"}],"about":[{"href":"https:\/\/www.steklarstvo-alstek.com\/index.php\/wp-json\/wp\/v2\/types\/page"}],"author":[{"embeddable":true,"href":"https:\/\/www.steklarstvo-alstek.com\/index.php\/wp-json\/wp\/v2\/users\/1"}],"replies":[{"embeddable":true,"href":"https:\/\/www.steklarstvo-alstek.com\/index.php\/wp-json\/wp\/v2\/comments?post=348"}],"version-history":[{"count":25,"href":"https:\/\/www.steklarstvo-alstek.com\/index.php\/wp-json\/wp\/v2\/pages\/348\/revisions"}],"predecessor-version":[{"id":658,"href":"https:\/\/www.steklarstvo-alstek.com\/index.php\/wp-json\/wp\/v2\/pages\/348\/revisions\/658"}],"wp:attachment":[{"href":"https:\/\/www.steklarstvo-alstek.com\/index.php\/wp-json\/wp\/v2\/media?parent=348"}],"curies":[{"name":"wp","href":"https:\/\/api.w.org\/{rel}","templated":true}]}}