{"id":558,"date":"2025-08-18T12:12:45","date_gmt":"2025-08-18T11:12:45","guid":{"rendered":"https:\/\/www.steklarstvo-alstek.com\/?page_id=558"},"modified":"2025-08-18T12:12:55","modified_gmt":"2025-08-18T11:12:55","slug":"tus-kabine","status":"publish","type":"page","link":"https:\/\/www.steklarstvo-alstek.com\/index.php\/tus-kabine\/","title":{"rendered":"TU\u0160 KABINE"},"content":{"rendered":"<p data-start=\"0\" data-end=\"266\"><strong data-start=\"0\" data-end=\"23\">Steklene tu\u0161 kabine<\/strong> so elegantna in funkcionalna re\u0161itev za kopalnice, ki omogo\u010dajo estetsko dovr\u0161en videz, hkrati pa so zelo prakti\u010dne in enostavne za vzdr\u017eevanje. Narejene so iz <strong data-start=\"184\" data-end=\"216\">kaljenega varnostnega stekla<\/strong>, kar zagotavlja odpornost in varnost pri uporabi.<\/p>\n<hr data-start=\"268\" data-end=\"271\" \/>\n<h3 data-start=\"273\" data-end=\"306\">\ud83d\udd39 Vrste steklenih tu\u0161 kabin:<\/h3>\n<ol data-start=\"308\" data-end=\"745\">\n<li data-start=\"308\" data-end=\"473\">\n<p data-start=\"311\" data-end=\"352\"><strong data-start=\"311\" data-end=\"352\">Klasi\u010dna tu\u0161 kabina (kotna ali ni\u0161na)<\/strong><\/p>\n<ul data-start=\"356\" data-end=\"473\">\n<li data-start=\"356\" data-end=\"387\">\n<p data-start=\"358\" data-end=\"387\">Dva ali ve\u010d steklenih panelov<\/p>\n<\/li>\n<li data-start=\"391\" data-end=\"421\">\n<p data-start=\"393\" data-end=\"421\">S krilnimi ali drsnimi vrati<\/p>\n<\/li>\n<li data-start=\"425\" data-end=\"473\">\n<p data-start=\"427\" data-end=\"473\">Kotna postavitev ali med dvema zidovoma (ni\u0161a)<\/p>\n<\/li>\n<\/ul>\n<\/li>\n<li data-start=\"475\" data-end=\"604\">\n<p data-start=\"478\" data-end=\"509\"><strong data-start=\"478\" data-end=\"509\">Walk-in tu\u0161 kabina (odprta)<\/strong><\/p>\n<ul data-start=\"513\" data-end=\"604\">\n<li data-start=\"513\" data-end=\"540\">\n<p data-start=\"515\" data-end=\"540\">Minimalisti\u010dna, brez vrat<\/p>\n<\/li>\n<li data-start=\"544\" data-end=\"572\">\n<p data-start=\"546\" data-end=\"572\">Ena ali dve stekleni steni<\/p>\n<\/li>\n<li data-start=\"576\" data-end=\"604\">\n<p data-start=\"578\" data-end=\"604\">Idealen za ve\u010dje kopalnice<\/p>\n<\/li>\n<\/ul>\n<\/li>\n<li data-start=\"606\" data-end=\"745\">\n<p data-start=\"609\" data-end=\"631\"><strong data-start=\"609\" data-end=\"631\">Tu\u0161 kabina po meri<\/strong><\/p>\n<ul data-start=\"635\" data-end=\"745\">\n<li data-start=\"635\" data-end=\"678\">\n<p data-start=\"637\" data-end=\"678\">Prilagojena obliki in dimenzijam prostora<\/p>\n<\/li>\n<li data-start=\"682\" data-end=\"745\">\n<p data-start=\"684\" data-end=\"745\">Primerna za mansarde, nestandardne prostore ali posebne \u017eelje<\/p>\n<\/li>\n<\/ul>\n<\/li>\n<\/ol>\n<hr data-start=\"747\" data-end=\"750\" \/>\n<h3 data-start=\"752\" data-end=\"772\">\ud83d\udd39 Vrste stekla:<\/h3>\n<ul data-start=\"774\" data-end=\"997\">\n<li data-start=\"774\" data-end=\"836\">\n<p data-start=\"776\" data-end=\"836\"><strong data-start=\"776\" data-end=\"795\">Prozorno steklo<\/strong> \u2013 klasi\u010dna izbira, odprt in svetel videz<\/p>\n<\/li>\n<li data-start=\"837\" data-end=\"884\">\n<p data-start=\"839\" data-end=\"884\"><strong data-start=\"839\" data-end=\"867\">Mle\u010dno (matirano) steklo<\/strong> \u2013 ve\u010d zasebnosti<\/p>\n<\/li>\n<li data-start=\"885\" data-end=\"943\">\n<p data-start=\"887\" data-end=\"943\"><strong data-start=\"887\" data-end=\"905\">Peskano steklo<\/strong> ali vzorci \u2013 dekorativno in diskretno<\/p>\n<\/li>\n<li data-start=\"944\" data-end=\"997\">\n<p data-start=\"946\" data-end=\"997\"><strong data-start=\"946\" data-end=\"981\">Barvano steklo (sivo, bronasto)<\/strong> \u2013 moderen videz<\/p>\n<\/li>\n<\/ul>\n<hr data-start=\"999\" data-end=\"1002\" \/>\n<h3 data-start=\"1004\" data-end=\"1041\">\ud83d\udd39 Prednosti steklenih tu\u0161 kabin:<\/h3>\n<p data-start=\"1043\" data-end=\"1279\">\u2705 Trajno in varno (kaljeno steklo)<br data-start=\"1077\" data-end=\"1080\" \/>\u2705 Enostavno \u010di\u0161\u010denje (mnogi imajo za\u0161\u010ditni nanos proti vodnemu kamnu)<br data-start=\"1149\" data-end=\"1152\" \/>\u2705 Vizualno pove\u010dajo prostor<br data-start=\"1179\" data-end=\"1182\" \/>\u2705 Primerne za vse stile kopalnic (klasi\u010dne, moderne, minimalisti\u010dne)<br data-start=\"1250\" data-end=\"1253\" \/>\u2705 Mo\u017enost izdelave po meri<\/p>\n<p data-start=\"1043\" data-end=\"1279\"><div id=\"grid-gallery-2-52470\" data-gg-id=\"2\" data-title=\"Tu\u0161 kabine\" data-grid-type=\"0\" data-offset=\"5.3\" data-area-position=\"center\" data-icons=\"\" data-preloader=\"true\" data-width=\"215\" data-height=\"215\" data-padding=\"0\" data-quicksand=\"disabled\" data-quicksand-duration=\"1800\" data-popup-theme=\"theme_6\" data-popup-type=\"pretty-photo\" data-popup-image-text=\"data-description\" data-popup-widthsize=\"auto\" data-popup-heightsize=\"auto\" data-popup-i18n-words=\"{&quot;close&quot;:&quot;close&quot;,&quot;next&quot;:&quot;next&quot;,&quot;previous&quot;:&quot;previous&quot;,&quot;start_slideshow&quot;:&quot;start slideshow&quot;,&quot;stop_slideshow&quot;:&quot;stop slideshow&quot;,&quot;image&quot;:&quot;image&quot;,&quot;of&quot;:&quot;of&quot;,&quot;prev&quot;:&quot;prev&quot;,&quot;cExpand&quot;:&quot;Expand&quot;,&quot;cPrevious&quot;:&quot;Previous&quot;,&quot;cNext&quot;:&quot;Next&quot;,&quot;cExpandStr&quot;:&quot;Expand the image&quot;,&quot;cRotate&quot;:&quot;Rotate&quot;,&quot;cDetails&quot;:&quot;Details&quot;}\" data-popup-slideshow=\"false\" data-popup-slideshow-speed=\"2500\" data-popup-hoverstop=\"true\" data-popup-slideshow-auto=\"false\" data-popup-background=\"\" data-popup-transparency=\"30\" data-popup-disable-history=\"\" data-popup-disable-changed-url=\"\" data-popup-border-type=\"\" data-popup-border-color=\"\" data-popup-border-width=\"\" data-popup-border-enable=\"\" data-fullscreen=\"false\" data-hide-tooltip=\"false\" data-caption-font-family=\"Default\" data-caption-text-size=\"140\" data-is-mobile=\"0\" data-caption-mobile=\"false\" data-hide-long-tltp-title=\"0\" data-caption-disabled-on-mobile=\"false\" data-popup-placement-type=\"0\" data-social-sharing=\"{&quot;enabled&quot;:&quot;&quot;,&quot;gallerySharing&quot;:{&quot;enabled&quot;:null,&quot;position&quot;:null},&quot;imageSharing&quot;:{&quot;enabled&quot;:null,&quot;wrapperClass&quot;:&quot; vertical &quot;},&quot;popupSharing&quot;:{&quot;enabled&quot;:null,&quot;wrapperClass&quot;:&quot; vertical &quot;}}\" class=\"grid-gallery grid-gallery-fixed \" style=\" width:100%; height:auto; margin-left:auto; margin-right:auto;position:relative;\"> <div class=\"gallery-loading\"> <div class=\"blocks\"> <div class=\"block\"><\/div> <div class=\"block\"><\/div> <div class=\"block\"><\/div> <div class=\"block\"><\/div> <\/div> <\/div> <div class=\"gallery-sharing-top\" style=\"display:none;\"> <\/div> <div id=\"photos-2\" class=\"grid-gallery-photos\"><FIGURE class=\"grid-gallery-caption\" data-grid-gallery-type=\"quarter-slide-up\" data-index=\"0\" style=\"display:none;border-radius:00;; margin:5.3px; width:2150;\" ><div class=\"crop\" style=\" width:2150; height:2150; overflow:hidden;\"><img decoding=\"async\" src=\"https:\/\/www.steklarstvo-alstek.com\/wp-content\/uploads\/2025\/08\/tus_kabine019-215x215.jpg\" class=\"ggImg\" alt=\"tus_kabine019\" title=\"tus_kabine019\" data-description=\"tus_kabine019\" data-caption=\"tus_kabine019\" data-title=\"tus_kabine019\" style=\" width:215px; height:215px;\" \/><\/div><FIGCAPTION class=\"\" data-alpha=\"5\" style=\"color:#ffffff; background-color:#6f0000; font-size:140; text-align:2; font-family:Default;\" ><div class=\"grid-gallery-figcaption-wrap\" style=\"\"><\/div><\/FIGCAPTION><\/FIGURE><FIGURE class=\"grid-gallery-caption\" data-grid-gallery-type=\"quarter-slide-up\" data-index=\"1\" style=\"display:none;border-radius:00;; margin:5.3px; width:2150;\" ><div class=\"crop\" style=\" width:2150; height:2150; overflow:hidden;\"><img decoding=\"async\" src=\"https:\/\/www.steklarstvo-alstek.com\/wp-content\/uploads\/2025\/08\/tus_kabine020-215x215.jpg\" class=\"ggImg\" alt=\"tus_kabine020\" title=\"tus_kabine020\" data-description=\"tus_kabine020\" data-caption=\"tus_kabine020\" data-title=\"tus_kabine020\" style=\" width:215px; height:215px;\" \/><\/div><FIGCAPTION class=\"\" data-alpha=\"5\" style=\"color:#ffffff; background-color:#6f0000; font-size:140; text-align:2; font-family:Default;\" ><div class=\"grid-gallery-figcaption-wrap\" style=\"\"><\/div><\/FIGCAPTION><\/FIGURE><FIGURE class=\"grid-gallery-caption\" data-grid-gallery-type=\"quarter-slide-up\" data-index=\"2\" style=\"display:none;border-radius:00;; margin:5.3px; width:2150;\" ><div class=\"crop\" style=\" width:2150; height:2150; overflow:hidden;\"><img decoding=\"async\" src=\"https:\/\/www.steklarstvo-alstek.com\/wp-content\/uploads\/2025\/08\/tus-kabina-3-215x215.jpg\" class=\"ggImg\" alt=\"tus-kabina\" title=\"tus-kabina\" data-description=\"tus-kabina\" data-caption=\"tus-kabina\" data-title=\"tus-kabina\" style=\" width:215px; height:215px;\" \/><\/div><FIGCAPTION class=\"\" data-alpha=\"5\" style=\"color:#ffffff; background-color:#6f0000; font-size:140; text-align:2; font-family:Default;\" ><div class=\"grid-gallery-figcaption-wrap\" style=\"\"><\/div><\/FIGCAPTION><\/FIGURE><FIGURE class=\"grid-gallery-caption\" data-grid-gallery-type=\"quarter-slide-up\" data-index=\"3\" style=\"display:none;border-radius:00;; margin:5.3px; width:2150;\" ><div class=\"crop\" style=\" width:2150; height:2150; overflow:hidden;\"><img decoding=\"async\" src=\"https:\/\/www.steklarstvo-alstek.com\/wp-content\/uploads\/2025\/08\/tus_kabine001-215x215.jpg\" class=\"ggImg\" alt=\"User comments\" title=\"User comments\" data-description=\"User comments\" data-caption=\"User comments\" data-title=\"User comments\" style=\" width:215px; height:215px;\" \/><\/div><FIGCAPTION class=\"\" data-alpha=\"5\" style=\"color:#ffffff; background-color:#6f0000; font-size:140; text-align:2; font-family:Default;\" ><div class=\"grid-gallery-figcaption-wrap\" style=\"\"><\/div><\/FIGCAPTION><\/FIGURE><FIGURE class=\"grid-gallery-caption\" data-grid-gallery-type=\"quarter-slide-up\" data-index=\"4\" style=\"display:none;border-radius:00;; margin:5.3px; width:2150;\" ><div class=\"crop\" style=\" width:2150; height:2150; overflow:hidden;\"><img decoding=\"async\" src=\"https:\/\/www.steklarstvo-alstek.com\/wp-content\/uploads\/2025\/08\/tus_kabine002-215x215.jpg\" class=\"ggImg\" alt=\"tus_kabine002\" title=\"tus_kabine002\" data-description=\"tus_kabine002\" data-caption=\"tus_kabine002\" data-title=\"tus_kabine002\" style=\" width:215px; height:215px;\" \/><\/div><FIGCAPTION class=\"\" data-alpha=\"5\" style=\"color:#ffffff; background-color:#6f0000; font-size:140; text-align:2; font-family:Default;\" ><div class=\"grid-gallery-figcaption-wrap\" style=\"\"><\/div><\/FIGCAPTION><\/FIGURE><FIGURE class=\"grid-gallery-caption\" data-grid-gallery-type=\"quarter-slide-up\" data-index=\"5\" style=\"display:none;border-radius:00;; margin:5.3px; width:2150;\" ><div class=\"crop\" style=\" width:2150; height:2150; overflow:hidden;\"><img decoding=\"async\" src=\"https:\/\/www.steklarstvo-alstek.com\/wp-content\/uploads\/2025\/08\/tus_kabine003-215x215.jpg\" class=\"ggImg\" alt=\"tus_kabine003\" title=\"tus_kabine003\" data-description=\"tus_kabine003\" data-caption=\"tus_kabine003\" data-title=\"tus_kabine003\" style=\" width:215px; height:215px;\" \/><\/div><FIGCAPTION class=\"\" data-alpha=\"5\" style=\"color:#ffffff; background-color:#6f0000; font-size:140; text-align:2; font-family:Default;\" ><div class=\"grid-gallery-figcaption-wrap\" style=\"\"><\/div><\/FIGCAPTION><\/FIGURE><FIGURE class=\"grid-gallery-caption\" data-grid-gallery-type=\"quarter-slide-up\" data-index=\"6\" style=\"display:none;border-radius:00;; margin:5.3px; width:2150;\" ><div class=\"crop\" style=\" width:2150; height:2150; overflow:hidden;\"><img decoding=\"async\" src=\"https:\/\/www.steklarstvo-alstek.com\/wp-content\/uploads\/2025\/08\/tus_kabine005-215x215.jpg\" class=\"ggImg\" alt=\"tus_kabine005\" title=\"tus_kabine005\" data-description=\"tus_kabine005\" data-caption=\"tus_kabine005\" data-title=\"tus_kabine005\" style=\" width:215px; height:215px;\" \/><\/div><FIGCAPTION class=\"\" data-alpha=\"5\" style=\"color:#ffffff; background-color:#6f0000; font-size:140; text-align:2; font-family:Default;\" ><div class=\"grid-gallery-figcaption-wrap\" style=\"\"><\/div><\/FIGCAPTION><\/FIGURE><FIGURE class=\"grid-gallery-caption\" data-grid-gallery-type=\"quarter-slide-up\" data-index=\"7\" style=\"display:none;border-radius:00;; margin:5.3px; width:2150;\" ><div class=\"crop\" style=\" width:2150; height:2150; overflow:hidden;\"><img decoding=\"async\" src=\"https:\/\/www.steklarstvo-alstek.com\/wp-content\/uploads\/2025\/08\/tus_kabine006-215x215.jpg\" class=\"ggImg\" alt=\"tus_kabine006\" title=\"tus_kabine006\" data-description=\"tus_kabine006\" data-caption=\"tus_kabine006\" data-title=\"tus_kabine006\" style=\" width:215px; height:215px;\" \/><\/div><FIGCAPTION class=\"\" data-alpha=\"5\" style=\"color:#ffffff; background-color:#6f0000; font-size:140; text-align:2; font-family:Default;\" ><div class=\"grid-gallery-figcaption-wrap\" style=\"\"><\/div><\/FIGCAPTION><\/FIGURE><FIGURE class=\"grid-gallery-caption\" data-grid-gallery-type=\"quarter-slide-up\" data-index=\"8\" style=\"display:none;border-radius:00;; margin:5.3px; width:2150;\" ><div class=\"crop\" style=\" width:2150; height:2150; overflow:hidden;\"><img decoding=\"async\" src=\"https:\/\/www.steklarstvo-alstek.com\/wp-content\/uploads\/2025\/08\/tus_kabine009-215x215.jpg\" class=\"ggImg\" alt=\"tus_kabine009\" title=\"tus_kabine009\" data-description=\"tus_kabine009\" data-caption=\"tus_kabine009\" data-title=\"tus_kabine009\" style=\" width:215px; height:215px;\" \/><\/div><FIGCAPTION class=\"\" data-alpha=\"5\" style=\"color:#ffffff; background-color:#6f0000; font-size:140; text-align:2; font-family:Default;\" ><div class=\"grid-gallery-figcaption-wrap\" style=\"\"><\/div><\/FIGCAPTION><\/FIGURE><FIGURE class=\"grid-gallery-caption\" data-grid-gallery-type=\"quarter-slide-up\" data-index=\"9\" style=\"display:none;border-radius:00;; margin:5.3px; width:2150;\" ><div class=\"crop\" style=\" width:2150; height:2150; overflow:hidden;\"><img decoding=\"async\" src=\"https:\/\/www.steklarstvo-alstek.com\/wp-content\/uploads\/2025\/08\/tus_kabine012-480x640-1-215x215.jpg\" class=\"ggImg\" alt=\"tus_kabine012-480x640\" title=\"tus_kabine012-480x640\" data-description=\"tus_kabine012-480x640\" data-caption=\"tus_kabine012-480x640\" data-title=\"tus_kabine012-480x640\" style=\" width:215px; height:215px;\" \/><\/div><FIGCAPTION class=\"\" data-alpha=\"5\" style=\"color:#ffffff; background-color:#6f0000; font-size:140; text-align:2; font-family:Default;\" ><div class=\"grid-gallery-figcaption-wrap\" style=\"\"><\/div><\/FIGCAPTION><\/FIGURE><FIGURE class=\"grid-gallery-caption\" data-grid-gallery-type=\"quarter-slide-up\" data-index=\"10\" style=\"display:none;border-radius:00;; margin:5.3px; width:2150;\" ><div class=\"crop\" style=\" width:2150; height:2150; overflow:hidden;\"><img decoding=\"async\" src=\"https:\/\/www.steklarstvo-alstek.com\/wp-content\/uploads\/2025\/08\/tus_kabine014-215x215.jpg\" class=\"ggImg\" alt=\"tus_kabine014\" title=\"tus_kabine014\" data-description=\"tus_kabine014\" data-caption=\"tus_kabine014\" data-title=\"tus_kabine014\" style=\" width:215px; height:215px;\" \/><\/div><FIGCAPTION class=\"\" data-alpha=\"5\" style=\"color:#ffffff; background-color:#6f0000; font-size:140; text-align:2; font-family:Default;\" ><div class=\"grid-gallery-figcaption-wrap\" style=\"\"><\/div><\/FIGCAPTION><\/FIGURE><FIGURE class=\"grid-gallery-caption\" data-grid-gallery-type=\"quarter-slide-up\" data-index=\"11\" style=\"display:none;border-radius:00;; margin:5.3px; width:2150;\" ><div class=\"crop\" style=\" width:2150; height:2150; overflow:hidden;\"><img decoding=\"async\" src=\"https:\/\/www.steklarstvo-alstek.com\/wp-content\/uploads\/2025\/08\/tus_kabine015-480x640-1-215x215.jpg\" class=\"ggImg\" alt=\"tus_kabine015-480x640\" title=\"tus_kabine015-480x640\" data-description=\"tus_kabine015-480x640\" data-caption=\"tus_kabine015-480x640\" data-title=\"tus_kabine015-480x640\" style=\" width:215px; height:215px;\" \/><\/div><FIGCAPTION class=\"\" data-alpha=\"5\" style=\"color:#ffffff; background-color:#6f0000; font-size:140; text-align:2; font-family:Default;\" ><div class=\"grid-gallery-figcaption-wrap\" style=\"\"><\/div><\/FIGCAPTION><\/FIGURE><FIGURE class=\"grid-gallery-caption\" data-grid-gallery-type=\"quarter-slide-up\" data-index=\"12\" style=\"display:none;border-radius:00;; margin:5.3px; width:2150;\" ><div class=\"crop\" style=\" width:2150; height:2150; overflow:hidden;\"><img decoding=\"async\" src=\"https:\/\/www.steklarstvo-alstek.com\/wp-content\/uploads\/2025\/08\/tus_kabine016-215x215.jpg\" class=\"ggImg\" alt=\"tus_kabine016\" title=\"tus_kabine016\" data-description=\"tus_kabine016\" data-caption=\"tus_kabine016\" data-title=\"tus_kabine016\" style=\" width:215px; height:215px;\" \/><\/div><FIGCAPTION class=\"\" data-alpha=\"5\" style=\"color:#ffffff; background-color:#6f0000; font-size:140; text-align:2; font-family:Default;\" ><div class=\"grid-gallery-figcaption-wrap\" style=\"\"><\/div><\/FIGCAPTION><\/FIGURE><FIGURE class=\"grid-gallery-caption\" data-grid-gallery-type=\"quarter-slide-up\" data-index=\"13\" style=\"display:none;border-radius:00;; margin:5.3px; width:2150;\" ><div class=\"crop\" style=\" width:2150; height:2150; overflow:hidden;\"><img decoding=\"async\" src=\"https:\/\/www.steklarstvo-alstek.com\/wp-content\/uploads\/2025\/08\/tus_kabine017-215x215.jpg\" class=\"ggImg\" alt=\"tus_kabine017\" title=\"tus_kabine017\" data-description=\"tus_kabine017\" data-caption=\"tus_kabine017\" data-title=\"tus_kabine017\" style=\" width:215px; height:215px;\" \/><\/div><FIGCAPTION class=\"\" data-alpha=\"5\" style=\"color:#ffffff; background-color:#6f0000; font-size:140; text-align:2; font-family:Default;\" ><div class=\"grid-gallery-figcaption-wrap\" style=\"\"><\/div><\/FIGCAPTION><\/FIGURE><FIGURE class=\"grid-gallery-caption\" data-grid-gallery-type=\"quarter-slide-up\" data-index=\"14\" style=\"display:none;border-radius:00;; margin:5.3px; width:2150;\" ><div class=\"crop\" style=\" width:2150; height:2150; overflow:hidden;\"><img decoding=\"async\" src=\"https:\/\/www.steklarstvo-alstek.com\/wp-content\/uploads\/2025\/08\/tus_kabine018-215x215.jpg\" class=\"ggImg\" alt=\"tus_kabine018\" title=\"tus_kabine018\" data-description=\"tus_kabine018\" data-caption=\"tus_kabine018\" data-title=\"tus_kabine018\" style=\" width:215px; height:215px;\" \/><\/div><FIGCAPTION class=\"\" data-alpha=\"5\" style=\"color:#ffffff; background-color:#6f0000; font-size:140; text-align:2; font-family:Default;\" ><div class=\"grid-gallery-figcaption-wrap\" style=\"\"><\/div><\/FIGCAPTION><\/FIGURE> <div class=\"grid-gallery-clearfix\"><\/div> <\/div> <div class=\"gallery-sharing-bottom\" style=\"display:none;\"> <\/div> <div class=\"gallery-sharing-image\" style=\"display:none;\"> <\/div> <div class=\"gallery-sharing-popup\" style=\"display:none;\"> <\/div> <div class=\"grid-gallery-clearfix\"><\/div> <\/div> <!-- Gallery by Supsystic plugin1.15.33 --><a title=\"Best Wordpress Gallery Plugin\" style=\"display:none;\" href=\"https:\/\/supsystic.com\/plugins\/photo-gallery\/?utm_medium=love_link\" target=\"_blank\">Best Wordpress Gallery Plugin<\/a><\/p>\n","protected":false},"excerpt":{"rendered":"<p>Steklene tu\u0161 kabine so elegantna in funkcionalna re\u0161itev za kopalnice, ki omogo\u010dajo estetsko dovr\u0161en videz, hkrati pa so zelo prakti\u010dne in enostavne za vzdr\u017eevanje. Narejene so iz kaljenega varnostnega stekla, kar zagotavlja odpornost in varnost pri uporabi. \ud83d\udd39 Vrste steklenih tu\u0161 kabin: Klasi\u010dna tu\u0161 kabina (kotna ali ni\u0161na) Dva ali ve\u010d steklenih panelov S krilnimi [&hellip;]<\/p>\n","protected":false},"author":1,"featured_media":0,"parent":0,"menu_order":0,"comment_status":"closed","ping_status":"closed","template":"page-templates\/page_fullwidth.php","meta":{"footnotes":""},"class_list":["post-558","page","type-page","status-publish","hentry"],"_links":{"self":[{"href":"https:\/\/www.steklarstvo-alstek.com\/index.php\/wp-json\/wp\/v2\/pages\/558","targetHints":{"allow":["GET"]}}],"collection":[{"href":"https:\/\/www.steklarstvo-alstek.com\/index.php\/wp-json\/wp\/v2\/pages"}],"about":[{"href":"https:\/\/www.steklarstvo-alstek.com\/index.php\/wp-json\/wp\/v2\/types\/page"}],"author":[{"embeddable":true,"href":"https:\/\/www.steklarstvo-alstek.com\/index.php\/wp-json\/wp\/v2\/users\/1"}],"replies":[{"embeddable":true,"href":"https:\/\/www.steklarstvo-alstek.com\/index.php\/wp-json\/wp\/v2\/comments?post=558"}],"version-history":[{"count":1,"href":"https:\/\/www.steklarstvo-alstek.com\/index.php\/wp-json\/wp\/v2\/pages\/558\/revisions"}],"predecessor-version":[{"id":559,"href":"https:\/\/www.steklarstvo-alstek.com\/index.php\/wp-json\/wp\/v2\/pages\/558\/revisions\/559"}],"wp:attachment":[{"href":"https:\/\/www.steklarstvo-alstek.com\/index.php\/wp-json\/wp\/v2\/media?parent=558"}],"curies":[{"name":"wp","href":"https:\/\/api.w.org\/{rel}","templated":true}]}}