{"id":599,"date":"2025-08-19T09:38:00","date_gmt":"2025-08-19T08:38:00","guid":{"rendered":"https:\/\/www.steklarstvo-alstek.com\/?page_id=599"},"modified":"2025-08-19T10:28:56","modified_gmt":"2025-08-19T09:28:56","slug":"ograje","status":"publish","type":"page","link":"https:\/\/www.steklarstvo-alstek.com\/index.php\/ograje\/","title":{"rendered":"Ograje"},"content":{"rendered":"\t\t<div data-elementor-type=\"wp-page\" data-elementor-id=\"599\" class=\"elementor elementor-599\">\n\t\t\t\t<div class=\"elementor-element elementor-element-6d82608c e-flex e-con-boxed e-con e-parent\" data-id=\"6d82608c\" data-element_type=\"container\" data-e-type=\"container\">\n\t\t\t\t\t<div class=\"e-con-inner\">\n\t\t\t\t<div class=\"elementor-element elementor-element-cc1f5fd elementor-widget elementor-widget-text-editor\" data-id=\"cc1f5fd\" data-element_type=\"widget\" data-e-type=\"widget\" data-widget_type=\"text-editor.default\">\n\t\t\t\t<div class=\"elementor-widget-container\">\n\t\t\t\t\t\t\t\t\t<h2 data-start=\"143\" data-end=\"172\">\ud83e\uddf1 Kaj so steklene ograje?<\/h2><p data-start=\"174\" data-end=\"415\"><strong data-start=\"174\" data-end=\"193\">Steklene ograje<\/strong> so varnostne ali dekorativne ograje, kjer je osnovni material <strong data-start=\"256\" data-end=\"266\">steklo<\/strong> \u2013 pogosto kombinirano z aluminijem, nerjavnim jeklom ali lesom. Uporabljajo se za za\u0161\u010dito in estetski u\u010dinek, ne da bi zapirale pogled ali svetlobo.<\/p><hr data-start=\"417\" data-end=\"420\" \/><h2 data-start=\"422\" data-end=\"456\">\ud83d\udd0d Glavne vrste steklenih ograj<\/h2><div class=\"_tableContainer_sk2ct_1\"><div class=\"_tableWrapper_sk2ct_13 group flex w-fit flex-col-reverse\" tabindex=\"-1\"><table class=\"w-fit min-w-(--thread-content-width)\" data-start=\"458\" data-end=\"1023\"><thead data-start=\"458\" data-end=\"486\"><tr data-start=\"458\" data-end=\"486\"><th data-start=\"458\" data-end=\"466\" data-col-size=\"sm\">Vrsta<\/th><th data-start=\"466\" data-end=\"476\" data-col-size=\"sm\">Uporaba<\/th><th data-start=\"476\" data-end=\"486\" data-col-size=\"md\">Opombe<\/th><\/tr><\/thead><tbody data-start=\"516\" data-end=\"1023\"><tr data-start=\"516\" data-end=\"621\"><td data-start=\"516\" data-end=\"539\" data-col-size=\"sm\"><strong data-start=\"518\" data-end=\"538\">Balkonske ograje<\/strong><\/td><td data-col-size=\"sm\" data-start=\"539\" data-end=\"562\">Na balkonih, terasah<\/td><td data-col-size=\"md\" data-start=\"562\" data-end=\"621\">Zunanja uporaba, pogosto s kaljenim\/laminiranim steklom<\/td><\/tr><tr data-start=\"622\" data-end=\"728\"><td data-start=\"622\" data-end=\"646\" data-col-size=\"sm\"><strong data-start=\"624\" data-end=\"645\">Stopni\u0161\u010dne ograje<\/strong><\/td><td data-col-size=\"sm\" data-start=\"646\" data-end=\"684\">Ob notranjih ali zunanjih stopnicah<\/td><td data-col-size=\"md\" data-start=\"684\" data-end=\"728\">Lahko brez okvirjev za \u201cfloating\u201d u\u010dinek<\/td><\/tr><tr data-start=\"729\" data-end=\"833\"><td data-start=\"729\" data-end=\"751\" data-col-size=\"sm\"><strong data-start=\"731\" data-end=\"750\">Ograje za bazen<\/strong><\/td><td data-col-size=\"sm\" data-start=\"751\" data-end=\"778\">Za varnost okoli bazenov<\/td><td data-col-size=\"md\" data-start=\"778\" data-end=\"833\">Pogosto brez okvirjev (frameless), odporne na vlago<\/td><\/tr><tr data-start=\"834\" data-end=\"925\"><td data-start=\"834\" data-end=\"857\" data-col-size=\"sm\"><strong data-start=\"836\" data-end=\"856\">Parapetne ograje<\/strong><\/td><td data-col-size=\"sm\" data-start=\"857\" data-end=\"889\">Na nizkih zidovih ali robovih<\/td><td data-col-size=\"md\" data-start=\"889\" data-end=\"925\">Kombinacija z betonom ali kamnom<\/td><\/tr><tr data-start=\"926\" data-end=\"1023\"><td data-start=\"926\" data-end=\"950\" data-col-size=\"sm\"><strong data-start=\"928\" data-end=\"949\">Steklene pregrade<\/strong><\/td><td data-col-size=\"sm\" data-start=\"950\" data-end=\"984\">V pisarnah ali javnih prostorih<\/td><td data-col-size=\"md\" data-start=\"984\" data-end=\"1023\">Delne ograje za lo\u010devanje prostorov<\/td><\/tr><\/tbody><\/table><\/div><\/div>\t\t\t\t\t\t\t\t<\/div>\n\t\t\t\t<\/div>\n\t\t\t\t\t<\/div>\n\t\t\t\t<\/div>\n\t\t<div class=\"elementor-element elementor-element-0a21a37 e-flex e-con-boxed e-con e-parent\" data-id=\"0a21a37\" data-element_type=\"container\" data-e-type=\"container\">\n\t\t\t\t\t<div class=\"e-con-inner\">\n\t\t\t\t<div class=\"elementor-element elementor-element-1472ac7 elementor-widget elementor-widget-text-editor\" data-id=\"1472ac7\" data-element_type=\"widget\" data-e-type=\"widget\" data-widget_type=\"text-editor.default\">\n\t\t\t\t<div class=\"elementor-widget-container\">\n\t\t\t\t\t\t\t\t\t<div id=\"grid-gallery-4-62358\" data-gg-id=\"4\" data-title=\"Ograje\" data-grid-type=\"0\" data-offset=\"5.3\" data-area-position=\"center\" data-icons=\"\" data-preloader=\"true\" data-width=\"215\" data-height=\"215\" data-padding=\"0\" data-quicksand=\"disabled\" data-quicksand-duration=\"1800\" data-popup-theme=\"theme_6\" data-popup-type=\"pretty-photo\" data-popup-image-text=\"data-description\" data-popup-widthsize=\"auto\" data-popup-heightsize=\"auto\" data-popup-i18n-words=\"{&quot;close&quot;:&quot;close&quot;,&quot;next&quot;:&quot;next&quot;,&quot;previous&quot;:&quot;previous&quot;,&quot;start_slideshow&quot;:&quot;start slideshow&quot;,&quot;stop_slideshow&quot;:&quot;stop slideshow&quot;,&quot;image&quot;:&quot;image&quot;,&quot;of&quot;:&quot;of&quot;,&quot;prev&quot;:&quot;prev&quot;,&quot;cExpand&quot;:&quot;Expand&quot;,&quot;cPrevious&quot;:&quot;Previous&quot;,&quot;cNext&quot;:&quot;Next&quot;,&quot;cExpandStr&quot;:&quot;Expand the image&quot;,&quot;cRotate&quot;:&quot;Rotate&quot;,&quot;cDetails&quot;:&quot;Details&quot;}\" data-popup-slideshow=\"false\" data-popup-slideshow-speed=\"2500\" data-popup-hoverstop=\"true\" data-popup-slideshow-auto=\"false\" data-popup-background=\"\" data-popup-transparency=\"30\" data-popup-disable-history=\"\" data-popup-disable-changed-url=\"\" data-popup-border-type=\"\" data-popup-border-color=\"\" data-popup-border-width=\"\" data-popup-border-enable=\"\" data-fullscreen=\"false\" data-hide-tooltip=\"false\" data-caption-font-family=\"Default\" data-caption-text-size=\"140\" data-is-mobile=\"0\" data-caption-mobile=\"false\" data-hide-long-tltp-title=\"0\" data-caption-disabled-on-mobile=\"false\" data-popup-placement-type=\"0\" data-social-sharing=\"{&quot;enabled&quot;:&quot;&quot;,&quot;gallerySharing&quot;:{&quot;enabled&quot;:null,&quot;position&quot;:null},&quot;imageSharing&quot;:{&quot;enabled&quot;:null,&quot;wrapperClass&quot;:&quot; vertical &quot;},&quot;popupSharing&quot;:{&quot;enabled&quot;:null,&quot;wrapperClass&quot;:&quot; vertical &quot;}}\" class=\"grid-gallery grid-gallery-fixed \" style=\" width:100%; height:auto; margin-left:auto; margin-right:auto;position:relative;\"> <div class=\"gallery-loading\"> <div class=\"blocks\"> <div class=\"block\"><\/div> <div class=\"block\"><\/div> <div class=\"block\"><\/div> <div class=\"block\"><\/div> <\/div> <\/div> <div class=\"gallery-sharing-top\" style=\"display:none;\"> <\/div> <div id=\"photos-4\" class=\"grid-gallery-photos\"><FIGURE class=\"grid-gallery-caption\" data-grid-gallery-type=\"quarter-slide-up\" data-index=\"0\" style=\"display:none;border-radius:00;; margin:5.3px; width:2150;\" ><div class=\"crop\" style=\" width:2150; height:2150; overflow:hidden;\"><img decoding=\"async\" src=\"https:\/\/www.steklarstvo-alstek.com\/wp-content\/uploads\/2025\/08\/ograje01-1-215x215.jpg\" class=\"ggImg\" alt=\"ograje01\" title=\"ograje01\" data-description=\"ograje01\" data-caption=\"ograje01\" data-title=\"ograje01\" style=\" width:215px; height:215px;\" \/><\/div><FIGCAPTION class=\"\" data-alpha=\"5\" style=\"color:#ffffff; background-color:#6f0000; font-size:140; text-align:2; font-family:Default;\" ><div class=\"grid-gallery-figcaption-wrap\" style=\"\"><\/div><\/FIGCAPTION><\/FIGURE><FIGURE class=\"grid-gallery-caption\" data-grid-gallery-type=\"quarter-slide-up\" data-index=\"1\" style=\"display:none;border-radius:00;; margin:5.3px; width:2150;\" ><div class=\"crop\" style=\" width:2150; height:2150; overflow:hidden;\"><img decoding=\"async\" src=\"https:\/\/www.steklarstvo-alstek.com\/wp-content\/uploads\/2025\/08\/ograje02-215x215.jpg\" class=\"ggImg\" alt=\"ograje02\" title=\"ograje02\" data-description=\"ograje02\" data-caption=\"ograje02\" data-title=\"ograje02\" style=\" width:215px; height:215px;\" \/><\/div><FIGCAPTION class=\"\" data-alpha=\"5\" style=\"color:#ffffff; background-color:#6f0000; font-size:140; text-align:2; font-family:Default;\" ><div class=\"grid-gallery-figcaption-wrap\" style=\"\"><\/div><\/FIGCAPTION><\/FIGURE><FIGURE class=\"grid-gallery-caption\" data-grid-gallery-type=\"quarter-slide-up\" data-index=\"2\" style=\"display:none;border-radius:00;; margin:5.3px; width:2150;\" ><div class=\"crop\" style=\" width:2150; height:2150; overflow:hidden;\"><img decoding=\"async\" src=\"https:\/\/www.steklarstvo-alstek.com\/wp-content\/uploads\/2025\/08\/ograje03-215x215.jpg\" class=\"ggImg\" alt=\"ograje03\" title=\"ograje03\" data-description=\"ograje03\" data-caption=\"ograje03\" data-title=\"ograje03\" style=\" width:215px; height:215px;\" \/><\/div><FIGCAPTION class=\"\" data-alpha=\"5\" style=\"color:#ffffff; background-color:#6f0000; font-size:140; text-align:2; font-family:Default;\" ><div class=\"grid-gallery-figcaption-wrap\" style=\"\"><\/div><\/FIGCAPTION><\/FIGURE><FIGURE class=\"grid-gallery-caption\" data-grid-gallery-type=\"quarter-slide-up\" data-index=\"3\" style=\"display:none;border-radius:00;; margin:5.3px; width:2150;\" ><div class=\"crop\" style=\" width:2150; height:2150; overflow:hidden;\"><img decoding=\"async\" src=\"https:\/\/www.steklarstvo-alstek.com\/wp-content\/uploads\/2025\/08\/ograje04-215x215.jpg\" class=\"ggImg\" alt=\"ograje04\" title=\"ograje04\" data-description=\"ograje04\" data-caption=\"ograje04\" data-title=\"ograje04\" style=\" width:215px; height:215px;\" \/><\/div><FIGCAPTION class=\"\" data-alpha=\"5\" style=\"color:#ffffff; background-color:#6f0000; font-size:140; text-align:2; font-family:Default;\" ><div class=\"grid-gallery-figcaption-wrap\" style=\"\"><\/div><\/FIGCAPTION><\/FIGURE><FIGURE class=\"grid-gallery-caption\" data-grid-gallery-type=\"quarter-slide-up\" data-index=\"4\" style=\"display:none;border-radius:00;; margin:5.3px; width:2150;\" ><div class=\"crop\" style=\" width:2150; height:2150; overflow:hidden;\"><img decoding=\"async\" src=\"https:\/\/www.steklarstvo-alstek.com\/wp-content\/uploads\/2025\/08\/ograje05-215x215.jpg\" class=\"ggImg\" alt=\"ograje05\" title=\"ograje05\" data-description=\"ograje05\" data-caption=\"ograje05\" data-title=\"ograje05\" style=\" width:215px; height:215px;\" \/><\/div><FIGCAPTION class=\"\" data-alpha=\"5\" style=\"color:#ffffff; background-color:#6f0000; font-size:140; text-align:2; font-family:Default;\" ><div class=\"grid-gallery-figcaption-wrap\" style=\"\"><\/div><\/FIGCAPTION><\/FIGURE><FIGURE class=\"grid-gallery-caption\" data-grid-gallery-type=\"quarter-slide-up\" data-index=\"5\" style=\"display:none;border-radius:00;; margin:5.3px; width:2150;\" ><div class=\"crop\" style=\" width:2150; height:2150; overflow:hidden;\"><img decoding=\"async\" src=\"https:\/\/www.steklarstvo-alstek.com\/wp-content\/uploads\/2025\/08\/ograje06-215x215.jpg\" class=\"ggImg\" alt=\"ograje06\" title=\"ograje06\" data-description=\"ograje06\" data-caption=\"ograje06\" data-title=\"ograje06\" style=\" width:215px; height:215px;\" \/><\/div><FIGCAPTION class=\"\" data-alpha=\"5\" style=\"color:#ffffff; background-color:#6f0000; font-size:140; text-align:2; font-family:Default;\" ><div class=\"grid-gallery-figcaption-wrap\" style=\"\"><\/div><\/FIGCAPTION><\/FIGURE><FIGURE class=\"grid-gallery-caption\" data-grid-gallery-type=\"quarter-slide-up\" data-index=\"6\" style=\"display:none;border-radius:00;; margin:5.3px; width:2150;\" ><div class=\"crop\" style=\" width:2150; height:2150; overflow:hidden;\"><img decoding=\"async\" src=\"https:\/\/www.steklarstvo-alstek.com\/wp-content\/uploads\/2025\/08\/ograje07-215x215.jpg\" class=\"ggImg\" alt=\"ograje07\" title=\"ograje07\" data-description=\"ograje07\" data-caption=\"ograje07\" data-title=\"ograje07\" style=\" width:215px; height:215px;\" \/><\/div><FIGCAPTION class=\"\" data-alpha=\"5\" style=\"color:#ffffff; background-color:#6f0000; font-size:140; text-align:2; font-family:Default;\" ><div class=\"grid-gallery-figcaption-wrap\" style=\"\"><\/div><\/FIGCAPTION><\/FIGURE><FIGURE class=\"grid-gallery-caption\" data-grid-gallery-type=\"quarter-slide-up\" data-index=\"7\" style=\"display:none;border-radius:00;; margin:5.3px; width:2150;\" ><div class=\"crop\" style=\" width:2150; height:2150; overflow:hidden;\"><img decoding=\"async\" src=\"https:\/\/www.steklarstvo-alstek.com\/wp-content\/uploads\/2025\/08\/ograje08-215x215.jpg\" class=\"ggImg\" alt=\"ograje08\" title=\"ograje08\" data-description=\"ograje08\" data-caption=\"ograje08\" data-title=\"ograje08\" style=\" width:215px; height:215px;\" \/><\/div><FIGCAPTION class=\"\" data-alpha=\"5\" style=\"color:#ffffff; background-color:#6f0000; font-size:140; text-align:2; font-family:Default;\" ><div class=\"grid-gallery-figcaption-wrap\" style=\"\"><\/div><\/FIGCAPTION><\/FIGURE><FIGURE class=\"grid-gallery-caption\" data-grid-gallery-type=\"quarter-slide-up\" data-index=\"8\" style=\"display:none;border-radius:00;; margin:5.3px; width:2150;\" ><div class=\"crop\" style=\" width:2150; height:2150; overflow:hidden;\"><img decoding=\"async\" src=\"https:\/\/www.steklarstvo-alstek.com\/wp-content\/uploads\/2025\/08\/ograje09-215x215.jpg\" class=\"ggImg\" alt=\"ograje09\" title=\"ograje09\" data-description=\"ograje09\" data-caption=\"ograje09\" data-title=\"ograje09\" style=\" width:215px; height:215px;\" \/><\/div><FIGCAPTION class=\"\" data-alpha=\"5\" style=\"color:#ffffff; background-color:#6f0000; font-size:140; text-align:2; font-family:Default;\" ><div class=\"grid-gallery-figcaption-wrap\" style=\"\"><\/div><\/FIGCAPTION><\/FIGURE><FIGURE class=\"grid-gallery-caption\" data-grid-gallery-type=\"quarter-slide-up\" data-index=\"9\" style=\"display:none;border-radius:00;; margin:5.3px; width:2150;\" ><div class=\"crop\" style=\" width:2150; height:2150; overflow:hidden;\"><img decoding=\"async\" src=\"https:\/\/www.steklarstvo-alstek.com\/wp-content\/uploads\/2025\/08\/ograje10-215x215.jpg\" class=\"ggImg\" alt=\"ograje10\" title=\"ograje10\" data-description=\"ograje10\" data-caption=\"ograje10\" data-title=\"ograje10\" style=\" width:215px; height:215px;\" \/><\/div><FIGCAPTION class=\"\" data-alpha=\"5\" style=\"color:#ffffff; background-color:#6f0000; font-size:140; text-align:2; font-family:Default;\" ><div class=\"grid-gallery-figcaption-wrap\" style=\"\"><\/div><\/FIGCAPTION><\/FIGURE><FIGURE class=\"grid-gallery-caption\" data-grid-gallery-type=\"quarter-slide-up\" data-index=\"10\" style=\"display:none;border-radius:00;; margin:5.3px; width:2150;\" ><div class=\"crop\" style=\" width:2150; height:2150; overflow:hidden;\"><img decoding=\"async\" src=\"https:\/\/www.steklarstvo-alstek.com\/wp-content\/uploads\/2025\/08\/ograje11-215x215.jpg\" class=\"ggImg\" alt=\"ograje11\" title=\"ograje11\" data-description=\"ograje11\" data-caption=\"ograje11\" data-title=\"ograje11\" style=\" width:215px; height:215px;\" \/><\/div><FIGCAPTION class=\"\" data-alpha=\"5\" style=\"color:#ffffff; background-color:#6f0000; font-size:140; text-align:2; font-family:Default;\" ><div class=\"grid-gallery-figcaption-wrap\" style=\"\"><\/div><\/FIGCAPTION><\/FIGURE><FIGURE class=\"grid-gallery-caption\" data-grid-gallery-type=\"quarter-slide-up\" data-index=\"11\" style=\"display:none;border-radius:00;; margin:5.3px; width:2150;\" ><div class=\"crop\" style=\" width:2150; height:2150; overflow:hidden;\"><img decoding=\"async\" src=\"https:\/\/www.steklarstvo-alstek.com\/wp-content\/uploads\/2025\/08\/ograje12-215x215.jpg\" class=\"ggImg\" alt=\"ograje12\" title=\"ograje12\" data-description=\"ograje12\" data-caption=\"ograje12\" data-title=\"ograje12\" style=\" width:215px; height:215px;\" \/><\/div><FIGCAPTION class=\"\" data-alpha=\"5\" style=\"color:#ffffff; background-color:#6f0000; font-size:140; text-align:2; font-family:Default;\" ><div class=\"grid-gallery-figcaption-wrap\" style=\"\"><\/div><\/FIGCAPTION><\/FIGURE><FIGURE class=\"grid-gallery-caption\" data-grid-gallery-type=\"quarter-slide-up\" data-index=\"12\" style=\"display:none;border-radius:00;; margin:5.3px; width:2150;\" ><div class=\"crop\" style=\" width:2150; height:2150; overflow:hidden;\"><img decoding=\"async\" src=\"https:\/\/www.steklarstvo-alstek.com\/wp-content\/uploads\/2025\/08\/ograje13-215x215.jpg\" class=\"ggImg\" alt=\"ograje13\" title=\"ograje13\" data-description=\"ograje13\" data-caption=\"ograje13\" data-title=\"ograje13\" style=\" width:215px; height:215px;\" \/><\/div><FIGCAPTION class=\"\" data-alpha=\"5\" style=\"color:#ffffff; background-color:#6f0000; font-size:140; text-align:2; font-family:Default;\" ><div class=\"grid-gallery-figcaption-wrap\" style=\"\"><\/div><\/FIGCAPTION><\/FIGURE><FIGURE class=\"grid-gallery-caption\" data-grid-gallery-type=\"quarter-slide-up\" data-index=\"13\" style=\"display:none;border-radius:00;; margin:5.3px; width:2150;\" ><div class=\"crop\" style=\" width:2150; height:2150; overflow:hidden;\"><img decoding=\"async\" src=\"https:\/\/www.steklarstvo-alstek.com\/wp-content\/uploads\/2025\/08\/ograje14-215x215.jpg\" class=\"ggImg\" alt=\"ograje14\" title=\"ograje14\" data-description=\"ograje14\" data-caption=\"ograje14\" data-title=\"ograje14\" style=\" width:215px; height:215px;\" \/><\/div><FIGCAPTION class=\"\" data-alpha=\"5\" style=\"color:#ffffff; background-color:#6f0000; font-size:140; text-align:2; font-family:Default;\" ><div class=\"grid-gallery-figcaption-wrap\" style=\"\"><\/div><\/FIGCAPTION><\/FIGURE><FIGURE class=\"grid-gallery-caption\" data-grid-gallery-type=\"quarter-slide-up\" data-index=\"14\" style=\"display:none;border-radius:00;; margin:5.3px; width:2150;\" ><div class=\"crop\" style=\" width:2150; height:2150; overflow:hidden;\"><img decoding=\"async\" src=\"https:\/\/www.steklarstvo-alstek.com\/wp-content\/uploads\/2025\/08\/ograje15-215x215.jpg\" class=\"ggImg\" alt=\"ograje15\" title=\"ograje15\" data-description=\"ograje15\" data-caption=\"ograje15\" data-title=\"ograje15\" style=\" width:215px; height:215px;\" \/><\/div><FIGCAPTION class=\"\" data-alpha=\"5\" style=\"color:#ffffff; background-color:#6f0000; font-size:140; text-align:2; font-family:Default;\" ><div class=\"grid-gallery-figcaption-wrap\" style=\"\"><\/div><\/FIGCAPTION><\/FIGURE><FIGURE class=\"grid-gallery-caption\" data-grid-gallery-type=\"quarter-slide-up\" data-index=\"15\" style=\"display:none;border-radius:00;; margin:5.3px; width:2150;\" ><div class=\"crop\" style=\" width:2150; height:2150; overflow:hidden;\"><img decoding=\"async\" src=\"https:\/\/www.steklarstvo-alstek.com\/wp-content\/uploads\/2025\/08\/ograje16-1-215x215.jpg\" class=\"ggImg\" alt=\"ograje16\" title=\"ograje16\" data-description=\"ograje16\" data-caption=\"ograje16\" data-title=\"ograje16\" style=\" width:215px; height:215px;\" \/><\/div><FIGCAPTION class=\"\" data-alpha=\"5\" style=\"color:#ffffff; background-color:#6f0000; font-size:140; text-align:2; font-family:Default;\" ><div class=\"grid-gallery-figcaption-wrap\" style=\"\"><\/div><\/FIGCAPTION><\/FIGURE><FIGURE class=\"grid-gallery-caption\" data-grid-gallery-type=\"quarter-slide-up\" data-index=\"16\" style=\"display:none;border-radius:00;; margin:5.3px; width:2150;\" ><div class=\"crop\" style=\" width:2150; height:2150; overflow:hidden;\"><img decoding=\"async\" src=\"https:\/\/www.steklarstvo-alstek.com\/wp-content\/uploads\/2025\/08\/ograje17-215x215.jpg\" class=\"ggImg\" alt=\"ograje17\" title=\"ograje17\" data-description=\"ograje17\" data-caption=\"ograje17\" data-title=\"ograje17\" style=\" width:215px; height:215px;\" \/><\/div><FIGCAPTION class=\"\" data-alpha=\"5\" style=\"color:#ffffff; background-color:#6f0000; font-size:140; text-align:2; font-family:Default;\" ><div class=\"grid-gallery-figcaption-wrap\" style=\"\"><\/div><\/FIGCAPTION><\/FIGURE><FIGURE class=\"grid-gallery-caption\" data-grid-gallery-type=\"quarter-slide-up\" data-index=\"17\" style=\"display:none;border-radius:00;; margin:5.3px; width:2150;\" ><div class=\"crop\" style=\" width:2150; height:2150; overflow:hidden;\"><img decoding=\"async\" src=\"https:\/\/www.steklarstvo-alstek.com\/wp-content\/uploads\/2025\/08\/ograje18-215x215.jpg\" class=\"ggImg\" alt=\"ograje18\" title=\"ograje18\" data-description=\"ograje18\" data-caption=\"ograje18\" data-title=\"ograje18\" style=\" width:215px; height:215px;\" \/><\/div><FIGCAPTION class=\"\" data-alpha=\"5\" style=\"color:#ffffff; background-color:#6f0000; font-size:140; text-align:2; font-family:Default;\" ><div class=\"grid-gallery-figcaption-wrap\" style=\"\"><\/div><\/FIGCAPTION><\/FIGURE><FIGURE class=\"grid-gallery-caption\" data-grid-gallery-type=\"quarter-slide-up\" data-index=\"18\" style=\"display:none;border-radius:00;; margin:5.3px; width:2150;\" ><div class=\"crop\" style=\" width:2150; height:2150; overflow:hidden;\"><img decoding=\"async\" src=\"https:\/\/www.steklarstvo-alstek.com\/wp-content\/uploads\/2025\/08\/ograje19-215x215.jpg\" class=\"ggImg\" alt=\"ograje19\" title=\"ograje19\" data-description=\"ograje19\" data-caption=\"ograje19\" data-title=\"ograje19\" style=\" width:215px; height:215px;\" \/><\/div><FIGCAPTION class=\"\" data-alpha=\"5\" style=\"color:#ffffff; background-color:#6f0000; font-size:140; text-align:2; font-family:Default;\" ><div class=\"grid-gallery-figcaption-wrap\" style=\"\"><\/div><\/FIGCAPTION><\/FIGURE><FIGURE class=\"grid-gallery-caption\" data-grid-gallery-type=\"quarter-slide-up\" data-index=\"19\" style=\"display:none;border-radius:00;; margin:5.3px; width:2150;\" ><div class=\"crop\" style=\" width:2150; height:2150; overflow:hidden;\"><img decoding=\"async\" src=\"https:\/\/www.steklarstvo-alstek.com\/wp-content\/uploads\/2025\/08\/ograje20-215x215.jpg\" class=\"ggImg\" alt=\"ograje20\" title=\"ograje20\" data-description=\"ograje20\" data-caption=\"ograje20\" data-title=\"ograje20\" style=\" width:215px; height:215px;\" \/><\/div><FIGCAPTION class=\"\" data-alpha=\"5\" style=\"color:#ffffff; background-color:#6f0000; font-size:140; text-align:2; font-family:Default;\" ><div class=\"grid-gallery-figcaption-wrap\" style=\"\"><\/div><\/FIGCAPTION><\/FIGURE> <div class=\"grid-gallery-clearfix\"><\/div> <\/div> <div class=\"gallery-sharing-bottom\" style=\"display:none;\"> <\/div> <div class=\"gallery-sharing-image\" style=\"display:none;\"> <\/div> <div class=\"gallery-sharing-popup\" style=\"display:none;\"> <\/div> <div class=\"grid-gallery-clearfix\"><\/div> <\/div> <!-- Gallery by Supsystic plugin1.15.33 --><a title=\"Best WordPress Gallery Plugin\" style=\"display:none;\" href=\"https:\/\/supsystic.com\/plugins\/photo-gallery\/?utm_medium=love_link\" target=\"_blank\">Best WordPress Gallery Plugin<\/a>\t\t\t\t\t\t\t\t<\/div>\n\t\t\t\t<\/div>\n\t\t\t\t\t<\/div>\n\t\t\t\t<\/div>\n\t\t\t\t<\/div>\n\t\t","protected":false},"excerpt":{"rendered":"<p>\ud83e\uddf1 Kaj so steklene ograje? Steklene ograje so varnostne ali dekorativne ograje, kjer je osnovni material steklo \u2013 pogosto kombinirano z aluminijem, nerjavnim jeklom ali lesom. Uporabljajo se za za\u0161\u010dito in estetski u\u010dinek, ne da bi zapirale pogled ali svetlobo. \ud83d\udd0d Glavne vrste steklenih ograj Vrsta Uporaba Opombe Balkonske ograje Na balkonih, terasah Zunanja uporaba, [&hellip;]<\/p>\n","protected":false},"author":1,"featured_media":0,"parent":0,"menu_order":0,"comment_status":"closed","ping_status":"closed","template":"","meta":{"footnotes":""},"class_list":["post-599","page","type-page","status-publish","hentry"],"_links":{"self":[{"href":"https:\/\/www.steklarstvo-alstek.com\/index.php\/wp-json\/wp\/v2\/pages\/599","targetHints":{"allow":["GET"]}}],"collection":[{"href":"https:\/\/www.steklarstvo-alstek.com\/index.php\/wp-json\/wp\/v2\/pages"}],"about":[{"href":"https:\/\/www.steklarstvo-alstek.com\/index.php\/wp-json\/wp\/v2\/types\/page"}],"author":[{"embeddable":true,"href":"https:\/\/www.steklarstvo-alstek.com\/index.php\/wp-json\/wp\/v2\/users\/1"}],"replies":[{"embeddable":true,"href":"https:\/\/www.steklarstvo-alstek.com\/index.php\/wp-json\/wp\/v2\/comments?post=599"}],"version-history":[{"count":9,"href":"https:\/\/www.steklarstvo-alstek.com\/index.php\/wp-json\/wp\/v2\/pages\/599\/revisions"}],"predecessor-version":[{"id":639,"href":"https:\/\/www.steklarstvo-alstek.com\/index.php\/wp-json\/wp\/v2\/pages\/599\/revisions\/639"}],"wp:attachment":[{"href":"https:\/\/www.steklarstvo-alstek.com\/index.php\/wp-json\/wp\/v2\/media?parent=599"}],"curies":[{"name":"wp","href":"https:\/\/api.w.org\/{rel}","templated":true}]}}